{"id":20,"date":"2021-12-12T20:41:00","date_gmt":"2021-12-12T19:41:00","guid":{"rendered":"http:\/\/mvtpaix06.org\/www\/?page_id=20"},"modified":"2022-09-18T21:05:37","modified_gmt":"2022-09-18T19:05:37","slug":"contact","status":"publish","type":"page","link":"http:\/\/mvtpaix06.org\/www\/?page_id=20","title":{"rendered":"Contact"},"content":{"rendered":"<p class=\"has-text-color\" style=\"margin: 0cm; margin-bottom: .0001pt;\"><strong><span style=\"color: #790c05;\">Mouvement de la Paix des Alpes Maritimes<\/span><\/strong><\/p>\n<p style=\"margin: 0cm; margin-bottom: .0001pt;\">Email : <a href=\"mailto:06@mvtpaix.org\">06@mvtpaix.org<\/a><\/p>\n<p style=\"margin: 0cm; margin-bottom: .0001pt;\"><em>Contacts :<\/em> Odile Cl\u00e9mente \u2013 Tr\u00e9sori\u00e8re<br \/>\nLe Constellation B\u00e2t. A<br \/>\n178 rue Saint-Sauveur<br \/>\n06110\u00a0 Le Cannet<br \/>\nT\u00e9l. 06 62 35 35 72<\/p>\n<p style=\"margin: 0cm; margin-bottom: .0001pt;\">Pr\u00e9sident : Sacha Mancini<br \/>\nSecr\u00e9taire\u00a0: Diane Delpuech<\/p>\n<p style=\"margin: 0cm; margin-bottom: .0001pt;\"><em>Adresse du Si\u00e8ge Social du Comit\u00e9 :<\/em><br \/>\nMaison des Associations<br \/>\n1 Avenue des Broussailles<br \/>\n06400 Cannes<\/p>\n","protected":false},"excerpt":{"rendered":"<p>Mouvement de la Paix des Alpes Maritimes Email : 06@mvtpaix.org Contacts : Odile Cl\u00e9mente \u2013 Tr\u00e9sori\u00e8re Le Constellation B\u00e2t. A 178 rue Saint-Sauveur 06110\u00a0 Le Cannet T\u00e9l. 06 62 35 35 72 Pr\u00e9sident : Sacha Mancini Secr\u00e9taire\u00a0: Diane Delpuech Adresse &hellip; <a href=\"http:\/\/mvtpaix06.org\/www\/?page_id=20\">Continuer la lecture <span class=\"meta-nav\">&rarr;<\/span><\/a><\/p>\n","protected":false},"author":1,"featured_media":0,"parent":0,"menu_order":0,"comment_status":"closed","ping_status":"closed","template":"","meta":{"footnotes":""},"class_list":["post-20","page","type-page","status-publish","hentry"],"_links":{"self":[{"href":"http:\/\/mvtpaix06.org\/www\/index.php?rest_route=\/wp\/v2\/pages\/20","targetHints":{"allow":["GET"]}}],"collection":[{"href":"http:\/\/mvtpaix06.org\/www\/index.php?rest_route=\/wp\/v2\/pages"}],"about":[{"href":"http:\/\/mvtpaix06.org\/www\/index.php?rest_route=\/wp\/v2\/types\/page"}],"author":[{"embeddable":true,"href":"http:\/\/mvtpaix06.org\/www\/index.php?rest_route=\/wp\/v2\/users\/1"}],"replies":[{"embeddable":true,"href":"http:\/\/mvtpaix06.org\/www\/index.php?rest_route=%2Fwp%2Fv2%2Fcomments&post=20"}],"version-history":[{"count":3,"href":"http:\/\/mvtpaix06.org\/www\/index.php?rest_route=\/wp\/v2\/pages\/20\/revisions"}],"predecessor-version":[{"id":199,"href":"http:\/\/mvtpaix06.org\/www\/index.php?rest_route=\/wp\/v2\/pages\/20\/revisions\/199"}],"wp:attachment":[{"href":"http:\/\/mvtpaix06.org\/www\/index.php?rest_route=%2Fwp%2Fv2%2Fmedia&parent=20"}],"curies":[{"name":"wp","href":"https:\/\/api.w.org\/{rel}","templated":true}]}}